{"id":117,"date":"2023-11-01T17:24:03","date_gmt":"2023-11-01T17:24:03","guid":{"rendered":"https:\/\/darkslategray-starling-653112.hostingersite.com\/?page_id=117"},"modified":"2023-11-21T13:13:44","modified_gmt":"2023-11-21T13:13:44","slug":"sobre-a-bia","status":"publish","type":"page","link":"https:\/\/biaracing.com\/en\/sobre-a-bia\/","title":{"rendered":"About Bia"},"content":{"rendered":"<div data-elementor-type=\"wp-page\" data-elementor-id=\"117\" class=\"elementor elementor-117\" data-elementor-post-type=\"page\">\n\t\t\t\t<div class=\"elementor-element elementor-element-6bca2b3 e-con-full e-flex e-con e-parent\" data-id=\"6bca2b3\" data-element_type=\"container\" data-e-type=\"container\">\n\t\t\t\t<div class=\"elementor-element elementor-element-5e8c324 elementor-widget elementor-widget-image\" data-id=\"5e8c324\" data-element_type=\"widget\" data-e-type=\"widget\" data-widget_type=\"image.default\">\n\t\t\t\t<div class=\"elementor-widget-container\">\n\t\t\t\t\t\t\t\t\t\t\t\t\t\t\t<img fetchpriority=\"high\" decoding=\"async\" width=\"2560\" height=\"450\" src=\"https:\/\/biaracing.com\/wp-content\/uploads\/2023\/11\/Banners_Sobre1-1.jpg\" class=\"attachment-full size-full wp-image-654\" alt=\"\" srcset=\"https:\/\/biaracing.com\/wp-content\/uploads\/2023\/11\/Banners_Sobre1-1.jpg 2560w, https:\/\/biaracing.com\/wp-content\/uploads\/2023\/11\/Banners_Sobre1-1-300x53.jpg 300w, https:\/\/biaracing.com\/wp-content\/uploads\/2023\/11\/Banners_Sobre1-1-1024x180.jpg 1024w, https:\/\/biaracing.com\/wp-content\/uploads\/2023\/11\/Banners_Sobre1-1-768x135.jpg 768w, https:\/\/biaracing.com\/wp-content\/uploads\/2023\/11\/Banners_Sobre1-1-1536x270.jpg 1536w, https:\/\/biaracing.com\/wp-content\/uploads\/2023\/11\/Banners_Sobre1-1-2048x360.jpg 2048w\" sizes=\"(max-width: 2560px) 100vw, 2560px\" \/>\t\t\t\t\t\t\t\t\t\t\t\t\t\t\t<\/div>\n\t\t\t\t<\/div>\n\t\t\t\t<\/div>\n\t\t<div class=\"elementor-element elementor-element-63de517 e-con-full e-flex e-con e-parent\" data-id=\"63de517\" data-element_type=\"container\" data-e-type=\"container\">\n\t\t<div class=\"elementor-element elementor-element-5bafd43 e-con-full e-flex e-con e-child\" data-id=\"5bafd43\" data-element_type=\"container\" data-e-type=\"container\">\n\t\t\t\t<div class=\"elementor-element elementor-element-2bc0aa1 elementor-widget elementor-widget-text-editor\" data-id=\"2bc0aa1\" data-element_type=\"widget\" data-e-type=\"widget\" data-widget_type=\"text-editor.default\">\n\t\t\t\t<div class=\"elementor-widget-container\">\n\t\t\t\t\t\t\t\t\t<p>Biography<\/p>\t\t\t\t\t\t\t\t<\/div>\n\t\t\t\t<\/div>\n\t\t\t\t<div class=\"elementor-element elementor-element-7235e19 elementor-widget elementor-widget-text-editor\" data-id=\"7235e19\" data-element_type=\"widget\" data-e-type=\"widget\" data-widget_type=\"text-editor.default\">\n\t\t\t\t<div class=\"elementor-widget-container\">\n\t\t\t\t\t\t\t\t\t<p>Bia is considered one of the top female drivers in the world. She started her Racing career when she was 8 years old in S\u00e3o Paulo Brazil. She is the Brazilian female that broke every record in Karting with many wins and championships. In 2003 Bia transitioned to Formula Renault Brazil where she was awarded Rookie of the Year and in 2005 she placed 3rd within the championship, becoming the first woman in the world to win a race in Formula Renault.<br><br>\n\nParallel to her Racing career, Bia gained a Bachelor\u2019s Degree in Business at FMU in S\u00e3o Paulo in 2007.<\/p><p>In 2008 Bia moved to IndyLights series, quickly becoming a contender for the championship and winning Nashville GP, and receiving the Rising Star Award that year. She raced 4 years in IndyCar.<\/p><p>From 2014-2019 she raced n StockCar Brazil. On 2020 and 2021 she took a break to give birth to 2 baby boys. On 2023 she is Racing in Truck Series Brazil in Mercedes Oficial team scoring 3 Pole Position and she has become the first female to win in the series.<\/p>\t\t\t\t\t\t\t\t<\/div>\n\t\t\t\t<\/div>\n\t\t\t\t<\/div>\n\t\t<div class=\"elementor-element elementor-element-4cb8cce e-con-full e-flex e-con e-child\" data-id=\"4cb8cce\" data-element_type=\"container\" data-e-type=\"container\">\n\t\t\t\t<div class=\"elementor-element elementor-element-4ddff13 elementor-widget elementor-widget-text-editor\" data-id=\"4ddff13\" data-element_type=\"widget\" data-e-type=\"widget\" data-widget_type=\"text-editor.default\">\n\t\t\t\t<div class=\"elementor-widget-container\">\n\t\t\t\t\t\t\t\t\t<p>Career<\/p>\t\t\t\t\t\t\t\t<\/div>\n\t\t\t\t<\/div>\n\t\t\t\t<div class=\"elementor-element elementor-element-79fa610 elementor-widget elementor-widget-accordion\" data-id=\"79fa610\" data-element_type=\"widget\" data-e-type=\"widget\" data-widget_type=\"accordion.default\">\n\t\t\t\t<div class=\"elementor-widget-container\">\n\t\t\t\t\t\t\t<div class=\"elementor-accordion\">\n\t\t\t\t\t\t\t<div class=\"elementor-accordion-item\">\n\t\t\t\t\t<div id=\"elementor-tab-title-1271\" class=\"elementor-tab-title\" data-tab=\"1\" role=\"button\" aria-controls=\"elementor-tab-content-1271\" aria-expanded=\"false\">\n\t\t\t\t\t\t\t\t\t\t\t\t\t<span class=\"elementor-accordion-icon elementor-accordion-icon-right\" aria-hidden=\"true\">\n\t\t\t\t\t\t\t\t\t\t\t\t\t\t\t<span class=\"elementor-accordion-icon-closed\"><svg class=\"e-font-icon-svg e-fas-plus\" viewbox=\"0 0 448 512\" xmlns=\"http:\/\/www.w3.org\/2000\/svg\"><path d=\"M416 208H272V64c0-17.67-14.33-32-32-32h-32c-17.67 0-32 14.33-32 32v144H32c-17.67 0-32 14.33-32 32v32c0 17.67 14.33 32 32 32h144v144c0 17.67 14.33 32 32 32h32c17.67 0 32-14.33 32-32V304h144c17.67 0 32-14.33 32-32v-32c0-17.67-14.33-32-32-32z\"><\/path><\/svg><\/span>\n\t\t\t\t\t\t\t\t<span class=\"elementor-accordion-icon-opened\"><svg class=\"e-font-icon-svg e-fas-minus\" viewbox=\"0 0 448 512\" xmlns=\"http:\/\/www.w3.org\/2000\/svg\"><path d=\"M416 208H32c-17.67 0-32 14.33-32 32v32c0 17.67 14.33 32 32 32h384c17.67 0 32-14.33 32-32v-32c0-17.67-14.33-32-32-32z\"><\/path><\/svg><\/span>\n\t\t\t\t\t\t\t\t\t\t\t\t\t\t<\/span>\n\t\t\t\t\t\t\t\t\t\t\t\t<a class=\"elementor-accordion-title\" tabindex=\"0\">2014 - Present<\/a>\n\t\t\t\t\t<\/div>\n\t\t\t\t\t<div id=\"elementor-tab-content-1271\" class=\"elementor-tab-content elementor-clearfix\" data-tab=\"1\" role=\"region\" aria-labelledby=\"elementor-tab-title-1271\"><p><strong>2023 | Copa Truck Brazil<br \/><\/strong><\/p><p><strong>2022 | SouthAmerican TCR - 6 races<\/strong><\/p><p><strong>2021 | 5th Place Sebring 12h GTD Class\/ Pause for 2nd baby<\/strong><\/p><p><strong>2021 | IMSA Series in the U.S<\/strong><\/p><p><strong>2020 | Maternity Leave<\/strong><\/p><p><strong>2019 | StockCar Brasil<\/strong><br \/>A.Mattheis\/Ipiranga Racing<\/p><p><strong>2018 | StockCar Brasil<\/strong><br \/>A.Mattheis\/Ipiranga Racing<\/p><p><strong>2017 | StockCar Brasil<\/strong><br \/>AmPm Full Time Academy<\/p><p><strong>2016 | StockCar Brasil<\/strong><br \/>AmPm Uni\u00e3o Qu\u00edmica Racing (Bassani)<\/p><p><strong>2015 | StockCar Brasil<\/strong><br \/>AmPm Uni\u00e3o Qu\u00edmica Racing (Bassani)<\/p><p><strong>2014 | StockCar Brasil<\/strong><br \/>AmPm Pro GP Team<\/p><\/div>\n\t\t\t\t<\/div>\n\t\t\t\t\t\t\t<div class=\"elementor-accordion-item\">\n\t\t\t\t\t<div id=\"elementor-tab-title-1272\" class=\"elementor-tab-title\" data-tab=\"2\" role=\"button\" aria-controls=\"elementor-tab-content-1272\" aria-expanded=\"false\">\n\t\t\t\t\t\t\t\t\t\t\t\t\t<span class=\"elementor-accordion-icon elementor-accordion-icon-right\" aria-hidden=\"true\">\n\t\t\t\t\t\t\t\t\t\t\t\t\t\t\t<span class=\"elementor-accordion-icon-closed\"><svg class=\"e-font-icon-svg e-fas-plus\" viewbox=\"0 0 448 512\" xmlns=\"http:\/\/www.w3.org\/2000\/svg\"><path d=\"M416 208H272V64c0-17.67-14.33-32-32-32h-32c-17.67 0-32 14.33-32 32v144H32c-17.67 0-32 14.33-32 32v32c0 17.67 14.33 32 32 32h144v144c0 17.67 14.33 32 32 32h32c17.67 0 32-14.33 32-32V304h144c17.67 0 32-14.33 32-32v-32c0-17.67-14.33-32-32-32z\"><\/path><\/svg><\/span>\n\t\t\t\t\t\t\t\t<span class=\"elementor-accordion-icon-opened\"><svg class=\"e-font-icon-svg e-fas-minus\" viewbox=\"0 0 448 512\" xmlns=\"http:\/\/www.w3.org\/2000\/svg\"><path d=\"M416 208H32c-17.67 0-32 14.33-32 32v32c0 17.67 14.33 32 32 32h384c17.67 0 32-14.33 32-32v-32c0-17.67-14.33-32-32-32z\"><\/path><\/svg><\/span>\n\t\t\t\t\t\t\t\t\t\t\t\t\t\t<\/span>\n\t\t\t\t\t\t\t\t\t\t\t\t<a class=\"elementor-accordion-title\" tabindex=\"0\">2008 - 2013<\/a>\n\t\t\t\t\t<\/div>\n\t\t\t\t\t<div id=\"elementor-tab-content-1272\" class=\"elementor-tab-content elementor-clearfix\" data-tab=\"2\" role=\"region\" aria-labelledby=\"elementor-tab-title-1272\"><p><strong>2013 | IndyCar Series<\/strong><br \/>Partial Season with Ipiranga Dale Coyne Racing<\/p><p class=\"translation-block\"><strong>2013 | Indy500<\/strong> <br>\u2022 15th place<br>\u2022 4th fastest lap<br>\u2022 Biggest Mover (14 places) with Ipiranga Dale Coyne Racing<\/p><p><strong>2012 | IndyCar Series<\/strong><br \/>2 races IndyCar Series with Andretti Autosport<\/p><p><strong>2011 | IndyCar Series<\/strong><br \/>Full Season \u2013 Ipiranga Dreyer Reinbold Racing<\/p><p class=\"translation-block\"><strong>2010 | IndyCar Series<\/strong><br>\u2022 Debut in IndyCar Series<br>\u2022 4 races<br>\u2022 Best Rookie\/ Woman race finish at her race debut in S\u00e3o Paulo Brazil 13th.<br>\u2022 Best Rookie Qualified for Indy500<\/p><p><strong>2009 | Firestone Indy Lights<\/strong><br \/>\u2022 1st Place at Iowa Grand Prix<br \/>\u2022 Indy Lights Most Popular Driver Award<\/p><p><strong>2008 | Firestone Indy Lights<\/strong><br \/>\u2022 3rd place \u2013 Sam Schmidt Motorsport Team<br \/>\u2022 6 podiums \u2013 St Peterburg, Iowa Speedway, Watkins Glen, Nashville, Infineon, Chicagoland<br \/>\u2022 One victory \u2013 Nashville<br \/>\u2022 Rising Star Award<\/p><\/div>\n\t\t\t\t<\/div>\n\t\t\t\t\t\t\t<div class=\"elementor-accordion-item\">\n\t\t\t\t\t<div id=\"elementor-tab-title-1273\" class=\"elementor-tab-title\" data-tab=\"3\" role=\"button\" aria-controls=\"elementor-tab-content-1273\" aria-expanded=\"false\">\n\t\t\t\t\t\t\t\t\t\t\t\t\t<span class=\"elementor-accordion-icon elementor-accordion-icon-right\" aria-hidden=\"true\">\n\t\t\t\t\t\t\t\t\t\t\t\t\t\t\t<span class=\"elementor-accordion-icon-closed\"><svg class=\"e-font-icon-svg e-fas-plus\" viewbox=\"0 0 448 512\" xmlns=\"http:\/\/www.w3.org\/2000\/svg\"><path d=\"M416 208H272V64c0-17.67-14.33-32-32-32h-32c-17.67 0-32 14.33-32 32v144H32c-17.67 0-32 14.33-32 32v32c0 17.67 14.33 32 32 32h144v144c0 17.67 14.33 32 32 32h32c17.67 0 32-14.33 32-32V304h144c17.67 0 32-14.33 32-32v-32c0-17.67-14.33-32-32-32z\"><\/path><\/svg><\/span>\n\t\t\t\t\t\t\t\t<span class=\"elementor-accordion-icon-opened\"><svg class=\"e-font-icon-svg e-fas-minus\" viewbox=\"0 0 448 512\" xmlns=\"http:\/\/www.w3.org\/2000\/svg\"><path d=\"M416 208H32c-17.67 0-32 14.33-32 32v32c0 17.67 14.33 32 32 32h384c17.67 0 32-14.33 32-32v-32c0-17.67-14.33-32-32-32z\"><\/path><\/svg><\/span>\n\t\t\t\t\t\t\t\t\t\t\t\t\t\t<\/span>\n\t\t\t\t\t\t\t\t\t\t\t\t<a class=\"elementor-accordion-title\" tabindex=\"0\">2004 - 2007<\/a>\n\t\t\t\t\t<\/div>\n\t\t\t\t\t<div id=\"elementor-tab-content-1273\" class=\"elementor-tab-content elementor-clearfix\" data-tab=\"3\" role=\"region\" aria-labelledby=\"elementor-tab-title-1273\"><p><strong>2007 | A1 GP<\/strong><br \/>\u2022 Rookie driver for brazilian team in China<br \/>\u2022 Testing in Europe<\/p><p><strong>2006 | South American Formula 3<\/strong><br \/>\u2022 5th place<br \/>\u2022 5 podiums and one pole position<br \/>\u2022 Award: S\u00e3o Paulo Citizen Driver<\/p><p><strong>2005 | Formula Renault Brazil<\/strong><br \/>\u2022 3rd place in the general classification<br \/>\u2022 3 victories in the season: Campo Grande, Vit\u00f3ria and Tarum\u00e3<br \/>\u2022 4 pole positions: Campo Grande, Vit\u00f3ria and Interlagos (2 times)<br \/>\u2022 Winner of the \u201cGolden Helmet\u201d Award<\/p><p><strong>2004 | Formula Renault Brazil<\/strong> <br \/>5th place in Formula Renault Brazil<\/p><p><strong>2004 | South American F3 Lights<\/strong><br \/>2nd place in South American F3 Lights<\/p><\/div>\n\t\t\t\t<\/div>\n\t\t\t\t\t\t\t<div class=\"elementor-accordion-item\">\n\t\t\t\t\t<div id=\"elementor-tab-title-1274\" class=\"elementor-tab-title\" data-tab=\"4\" role=\"button\" aria-controls=\"elementor-tab-content-1274\" aria-expanded=\"false\">\n\t\t\t\t\t\t\t\t\t\t\t\t\t<span class=\"elementor-accordion-icon elementor-accordion-icon-right\" aria-hidden=\"true\">\n\t\t\t\t\t\t\t\t\t\t\t\t\t\t\t<span class=\"elementor-accordion-icon-closed\"><svg class=\"e-font-icon-svg e-fas-plus\" viewbox=\"0 0 448 512\" xmlns=\"http:\/\/www.w3.org\/2000\/svg\"><path d=\"M416 208H272V64c0-17.67-14.33-32-32-32h-32c-17.67 0-32 14.33-32 32v144H32c-17.67 0-32 14.33-32 32v32c0 17.67 14.33 32 32 32h144v144c0 17.67 14.33 32 32 32h32c17.67 0 32-14.33 32-32V304h144c17.67 0 32-14.33 32-32v-32c0-17.67-14.33-32-32-32z\"><\/path><\/svg><\/span>\n\t\t\t\t\t\t\t\t<span class=\"elementor-accordion-icon-opened\"><svg class=\"e-font-icon-svg e-fas-minus\" viewbox=\"0 0 448 512\" xmlns=\"http:\/\/www.w3.org\/2000\/svg\"><path d=\"M416 208H32c-17.67 0-32 14.33-32 32v32c0 17.67 14.33 32 32 32h384c17.67 0 32-14.33 32-32v-32c0-17.67-14.33-32-32-32z\"><\/path><\/svg><\/span>\n\t\t\t\t\t\t\t\t\t\t\t\t\t\t<\/span>\n\t\t\t\t\t\t\t\t\t\t\t\t<a class=\"elementor-accordion-title\" tabindex=\"0\">1994 - 2003<\/a>\n\t\t\t\t\t<\/div>\n\t\t\t\t\t<div id=\"elementor-tab-content-1274\" class=\"elementor-tab-content elementor-clearfix\" data-tab=\"4\" role=\"region\" aria-labelledby=\"elementor-tab-title-1274\"><p><strong>2003 | Kart<\/strong><br \/>\u2022 Rookie of the year \u2013 Brazilian Formula Renault<br \/>\u2022 Best lap \u2013 Londrina and Campo Grande<\/p><p><strong>2003 | Kart<\/strong><br \/>\u2022 Champion \u2013 Sorriso Petrobr\u00e1s Kart Cup<br \/>\u2022 2nd place \u2013 Petrobr\u00e1s Karting Selective<\/p><p><strong>2002 | Kart<\/strong><br \/>\u2022 Gold Helmet Award \u2013 Best Brazilian Driver<br \/>\u2022 2nd place \u2013 Brazilian Championship<br \/>\u2022 3rd place \u2013 S\u00e3o Paulo Championship<\/p><p><strong>2001 | Kart<\/strong><br \/>\u2022 Gold Helmet Award \u2013 Best Brazilian Driver<br \/>\u2022 2nd of Brazil Kart Cup<br \/>\u2022 Pole Position \u2013 Brazilian Championship \u2013 cat. A<br \/>\u2022 3rd place \u2013 Brazilian Championship \u2013 cat. A<br \/>\u2022 3rd place \u2013 S\u00e3o Paulo Championship<\/p><p><strong>2000 | Kart (Categoria B)<\/strong><br \/>\u2022 2nd place \u2013 S\u00e3o Paulo Campionship<br \/>\u2022 3rd place \u2013 Parilla Racing Cup<br \/>\u2022 6th place \u2013 Spring of Braga Cup, Portugal<br \/>\u2022 38th place \u2013 World Championship \u2013 Braga, Portugal<br \/>\u2022 Gold Helmet Award from Racing Magazine \u2013 Best Brazilian Driver<\/p><p><strong>1999 | Kart (Cadete Jr)<\/strong><br \/>\u2022 5th place \u2013 S\u00e3o Paulo Championship<br \/>\u2022 13th place \u2013 Brazilian Championship<\/p><p><strong>1998 | Kart (Cadete Jr)<\/strong><br \/>5th place \u2013 S\u00e3o Paulo Championship<\/p><p><strong>1997 | Kart (Cadete Jr)<\/strong><br \/>3rd place \u2013 Brazilian Championship<\/p><p><strong>1996 | Kart (Cadete Jr)<\/strong><br \/>4th place \u2013 S\u00e3o Paulo Championship<\/p><p><strong>1995 | Kart (Cadete Jr)<\/strong><br \/>\u2022 5th place \u2013 Brazilian Champioship<br \/>\u2022 3rd place \u2013 Schincariol Cup<br \/>\u2022 6th place \u2013 S\u00e3o Paulo Championship<\/p><p><strong>1994 | Kart (Cadete Jr)<\/strong><br \/>6th place \u2013 S\u00e3o Paulo Championship<\/p><\/div>\n\t\t\t\t<\/div>\n\t\t\t\t\t\t\t\t<\/div>\n\t\t\t\t\t\t<\/div>\n\t\t\t\t<\/div>\n\t\t\t\t<\/div>\n\t\t\t\t<\/div>\n\t\t\t\t<\/div>","protected":false},"excerpt":{"rendered":"<p>Biografia Primeira brasileira a correr em uma categoria top do automobilismo mundial, a F\u00f3rmula Indy, Ana Beatriz Figueiredo \u2013 ou Bia Figueiredo \u2013 disputou seis temporadas da Stock Car. Ela \u00e9 a primeira mulher do mundo a vencer na Firestone Indy Lights, a \u00fanica a vencer na F\u00f3rmula Renault, a \u00fanica a conquistar uma pole [&hellip;]<\/p>\n","protected":false},"author":1,"featured_media":0,"parent":0,"menu_order":0,"comment_status":"closed","ping_status":"closed","template":"","meta":{"om_disable_all_campaigns":false,"footnotes":""},"class_list":["post-117","page","type-page","status-publish","hentry"],"aioseo_notices":[],"_hostinger_reach_plugin_has_subscription_block":false,"_hostinger_reach_plugin_is_elementor":false,"_links":{"self":[{"href":"https:\/\/biaracing.com\/en\/wp-json\/wp\/v2\/pages\/117","targetHints":{"allow":["GET"]}}],"collection":[{"href":"https:\/\/biaracing.com\/en\/wp-json\/wp\/v2\/pages"}],"about":[{"href":"https:\/\/biaracing.com\/en\/wp-json\/wp\/v2\/types\/page"}],"author":[{"embeddable":true,"href":"https:\/\/biaracing.com\/en\/wp-json\/wp\/v2\/users\/1"}],"replies":[{"embeddable":true,"href":"https:\/\/biaracing.com\/en\/wp-json\/wp\/v2\/comments?post=117"}],"version-history":[{"count":61,"href":"https:\/\/biaracing.com\/en\/wp-json\/wp\/v2\/pages\/117\/revisions"}],"predecessor-version":[{"id":726,"href":"https:\/\/biaracing.com\/en\/wp-json\/wp\/v2\/pages\/117\/revisions\/726"}],"wp:attachment":[{"href":"https:\/\/biaracing.com\/en\/wp-json\/wp\/v2\/media?parent=117"}],"curies":[{"name":"wp","href":"https:\/\/api.w.org\/{rel}","templated":true}]}}